{"id":2473,"date":"2023-08-04T06:42:26","date_gmt":"2023-08-04T06:42:26","guid":{"rendered":"https:\/\/financiere-teychene.com\/?page_id=2473"},"modified":"2023-09-27T12:28:53","modified_gmt":"2023-09-27T12:28:53","slug":"nos-valeurs","status":"publish","type":"page","link":"https:\/\/financiere-teychene.com\/en\/nos-valeurs\/","title":{"rendered":"Our core values"},"content":{"rendered":"<div data-elementor-type=\"wp-page\" data-elementor-id=\"2473\" class=\"elementor elementor-2473\" data-elementor-post-type=\"page\">\n\t\t\t\t<div class=\"elementor-element elementor-element-f446cc2 e-flex e-con-boxed e-con e-parent\" data-id=\"f446cc2\" data-element_type=\"container\">\n\t\t\t\t\t<div class=\"e-con-inner\">\n\t\t\t\t<div class=\"elementor-element elementor-element-3fee520 elementor-widget elementor-widget-heading\" data-id=\"3fee520\" data-element_type=\"widget\" data-widget_type=\"heading.default\">\n\t\t\t\t<div class=\"elementor-widget-container\">\n\t\t\t<div class=\"elementor-heading-title elementor-size-default\">Our core values<\/div>\t\t<\/div>\n\t\t\t\t<\/div>\n\t\t<div class=\"elementor-element elementor-element-0897838 e-flex e-con-boxed e-con e-child\" data-id=\"0897838\" data-element_type=\"container\">\n\t\t\t\t\t<div class=\"e-con-inner\">\n\t\t\t\t<div class=\"elementor-element elementor-element-1ed8ac5 elementor-widget elementor-widget-heading\" data-id=\"1ed8ac5\" data-element_type=\"widget\" data-widget_type=\"heading.default\">\n\t\t\t\t<div class=\"elementor-widget-container\">\n\t\t\t<div class=\"elementor-heading-title elementor-size-default\">Boldness, Excellence, Enthusiasm and Humanity<\/div>\t\t<\/div>\n\t\t\t\t<\/div>\n\t\t\t\t\t<\/div>\n\t\t\t\t<\/div>\n\t\t\t\t\t<\/div>\n\t\t\t\t<\/div>\n\t\t<div class=\"elementor-element elementor-element-9cb91c0 e-flex e-con-boxed e-con e-parent\" data-id=\"9cb91c0\" data-element_type=\"container\" data-settings=\"{&quot;background_background&quot;:&quot;classic&quot;}\">\n\t\t\t\t\t<div class=\"e-con-inner\">\n\t\t\t\t<div class=\"elementor-element elementor-element-faede6b elementor-testimonial--skin-default elementor-testimonial--layout-image_inline elementor-testimonial--align-center elementor-arrows-yes elementor-widget elementor-widget-testimonial-carousel\" data-id=\"faede6b\" data-element_type=\"widget\" data-settings=\"{&quot;show_arrows&quot;:&quot;yes&quot;,&quot;speed&quot;:500,&quot;loop&quot;:&quot;yes&quot;,&quot;space_between&quot;:{&quot;unit&quot;:&quot;px&quot;,&quot;size&quot;:10,&quot;sizes&quot;:[]},&quot;space_between_tablet&quot;:{&quot;unit&quot;:&quot;px&quot;,&quot;size&quot;:10,&quot;sizes&quot;:[]},&quot;space_between_mobile&quot;:{&quot;unit&quot;:&quot;px&quot;,&quot;size&quot;:10,&quot;sizes&quot;:[]}}\" data-widget_type=\"testimonial-carousel.default\">\n\t\t\t\t<div class=\"elementor-widget-container\">\n\t\t\t\t\t<div class=\"elementor-swiper\">\n\t\t\t<div class=\"elementor-main-swiper swiper\">\n\t\t\t\t<div class=\"swiper-wrapper\">\n\t\t\t\t\t\t\t\t\t\t\t<div class=\"swiper-slide\">\n\t\t\t\t\t\t\t\t\t<div class=\"elementor-testimonial\">\n\t\t\t\t\t\t\t<div class=\"elementor-testimonial__content\">\n\t\t\t\t\t<div class=\"elementor-testimonial__text\">\n\t\t\t\t\t\t\t\t<div data-elementor-type=\"page\" data-elementor-id=\"3558\" class=\"elementor elementor-3558\" data-elementor-post-type=\"elementor_library\">\n\t\t\t\t<div class=\"elementor-element elementor-element-141cfd2 e-flex e-con-boxed e-con e-parent\" data-id=\"141cfd2\" data-element_type=\"container\">\n\t\t\t\t\t<div class=\"e-con-inner\">\n\t\t<div class=\"elementor-element elementor-element-ce6301d e-con-full e-flex e-con e-child\" data-id=\"ce6301d\" data-element_type=\"container\" data-settings=\"{&quot;background_background&quot;:&quot;classic&quot;}\">\n\t\t\t\t<div class=\"elementor-element elementor-element-a10ab86 elementor-widget elementor-widget-heading\" data-id=\"a10ab86\" data-element_type=\"widget\" data-widget_type=\"heading.default\">\n\t\t\t\t<div class=\"elementor-widget-container\">\n\t\t\t<div class=\"elementor-heading-title elementor-size-default\">Boldness<\/div>\t\t<\/div>\n\t\t\t\t<\/div>\n\t\t\t\t<div class=\"elementor-element elementor-element-bb795c0 elementor-widget elementor-widget-text-editor\" data-id=\"bb795c0\" data-element_type=\"widget\" data-widget_type=\"text-editor.default\">\n\t\t\t\t<div class=\"elementor-widget-container\">\n\t\t\t\t\t\t\t<p>Boldness is at the very core of our group.<\/p><p>We owe it to our founder, G\u00e9rard Teychen\u00e9, a curious and enterprising man, who never ceased to push boundaries, reject the status quo, and seize every opportunity along his journey.<\/p><p>He passed this audacity onto us, and we nurture it every day within our team.<\/p><p>For us, boldness translates into a dynamic of continuous improvement, where everyone is encouraged to propose ideas and initiate actions for amplified collective performance.<\/p>\t\t\t\t\t\t<\/div>\n\t\t\t\t<\/div>\n\t\t\t\t<\/div>\n\t\t<div class=\"elementor-element elementor-element-a4e786f e-con-full e-flex e-con e-child\" data-id=\"a4e786f\" data-element_type=\"container\" data-settings=\"{&quot;background_background&quot;:&quot;classic&quot;}\">\n\t\t\t\t<\/div>\n\t\t\t\t\t<\/div>\n\t\t\t\t<\/div>\n\t\t\t\t<\/div>\n\t\t\t\t\t\t\t<\/div>\n\t\t\t\t\t\t\t\t\t<\/div>\n\t\t\t\t\t\t<div class=\"elementor-testimonial__footer\">\n\t\t\t\t\t\t\t\t\t\t\t<\/div>\n\t\t<\/div>\n\t\t\t\t\t\t\t\t<\/div>\n\t\t\t\t\t\t\t\t\t\t\t<div class=\"swiper-slide\">\n\t\t\t\t\t\t\t\t\t<div class=\"elementor-testimonial\">\n\t\t\t\t\t\t\t<div class=\"elementor-testimonial__content\">\n\t\t\t\t\t<div class=\"elementor-testimonial__text\">\n\t\t\t\t\t\t\t\t<div data-elementor-type=\"page\" data-elementor-id=\"3603\" class=\"elementor elementor-3603\" data-elementor-post-type=\"elementor_library\">\n\t\t\t\t<div class=\"elementor-element elementor-element-a176b6e e-flex e-con-boxed e-con e-parent\" data-id=\"a176b6e\" data-element_type=\"container\">\n\t\t\t\t\t<div class=\"e-con-inner\">\n\t\t<div class=\"elementor-element elementor-element-09acd4f e-con-full e-flex e-con e-child\" data-id=\"09acd4f\" data-element_type=\"container\" data-settings=\"{&quot;background_background&quot;:&quot;classic&quot;}\">\n\t\t\t\t<div class=\"elementor-element elementor-element-2f0fa50 elementor-widget elementor-widget-heading\" data-id=\"2f0fa50\" data-element_type=\"widget\" data-widget_type=\"heading.default\">\n\t\t\t\t<div class=\"elementor-widget-container\">\n\t\t\t<div class=\"elementor-heading-title elementor-size-default\">Excellence<\/div>\t\t<\/div>\n\t\t\t\t<\/div>\n\t\t\t\t<div class=\"elementor-element elementor-element-33ae362 elementor-widget elementor-widget-text-editor\" data-id=\"33ae362\" data-element_type=\"widget\" data-widget_type=\"text-editor.default\">\n\t\t\t\t<div class=\"elementor-widget-container\">\n\t\t\t\t\t\t\t<p>Financi\u00e8re Teychen\u00e9 is committed to ensuring daily responsiveness and optimal efficiency. By applying our own demanding criteria, we have built a high-quality offering based on integrated services, thus becoming the leading French \"Private Unlisted Real Estate Companies.\"<\/p><p>We firmly believe that our experience, autonomy, and comprehensive range of skills are invaluable assets that enable us to ensure sustainable growth in the future. We fervently work to preserve and perfect them at every moment.<\/p>\t\t\t\t\t\t<\/div>\n\t\t\t\t<\/div>\n\t\t\t\t<\/div>\n\t\t<div class=\"elementor-element elementor-element-0d0d822 e-con-full e-flex e-con e-child\" data-id=\"0d0d822\" data-element_type=\"container\" data-settings=\"{&quot;background_background&quot;:&quot;classic&quot;}\">\n\t\t\t\t<\/div>\n\t\t\t\t\t<\/div>\n\t\t\t\t<\/div>\n\t\t\t\t<\/div>\n\t\t\t\t\t\t\t<\/div>\n\t\t\t\t\t\t\t\t\t<\/div>\n\t\t\t\t\t\t<div class=\"elementor-testimonial__footer\">\n\t\t\t\t\t\t\t\t\t\t\t<\/div>\n\t\t<\/div>\n\t\t\t\t\t\t\t\t<\/div>\n\t\t\t\t\t\t\t\t\t\t\t<div class=\"swiper-slide\">\n\t\t\t\t\t\t\t\t\t<div class=\"elementor-testimonial\">\n\t\t\t\t\t\t\t<div class=\"elementor-testimonial__content\">\n\t\t\t\t\t<div class=\"elementor-testimonial__text\">\n\t\t\t\t\t\t\t\t<div data-elementor-type=\"page\" data-elementor-id=\"3639\" class=\"elementor elementor-3639\" data-elementor-post-type=\"elementor_library\">\n\t\t\t\t<div class=\"elementor-element elementor-element-1fcb546 e-flex e-con-boxed e-con e-parent\" data-id=\"1fcb546\" data-element_type=\"container\">\n\t\t\t\t\t<div class=\"e-con-inner\">\n\t\t<div class=\"elementor-element elementor-element-61d7299 e-con-full e-flex e-con e-child\" data-id=\"61d7299\" data-element_type=\"container\" data-settings=\"{&quot;background_background&quot;:&quot;classic&quot;}\">\n\t\t\t\t<div class=\"elementor-element elementor-element-4b10fd6 elementor-widget elementor-widget-heading\" data-id=\"4b10fd6\" data-element_type=\"widget\" data-widget_type=\"heading.default\">\n\t\t\t\t<div class=\"elementor-widget-container\">\n\t\t\t<div class=\"elementor-heading-title elementor-size-default\">Enthusiasm<\/div>\t\t<\/div>\n\t\t\t\t<\/div>\n\t\t\t\t<div class=\"elementor-element elementor-element-7602929 elementor-widget elementor-widget-text-editor\" data-id=\"7602929\" data-element_type=\"widget\" data-widget_type=\"text-editor.default\">\n\t\t\t\t<div class=\"elementor-widget-container\">\n\t\t\t\t\t\t\t<p>Our strength comes from a united team, driven by the desire to come together, work in harmony, and build the future hand in hand. Each member thrives in a supportive environment that encourages growth and personal development.<\/p><p>We also channel our enthusiasm towards our clients. Approaching each new project with pleasure, we constantly reflect on the best solutions to provide top-quality support.<\/p>\t\t\t\t\t\t<\/div>\n\t\t\t\t<\/div>\n\t\t\t\t<\/div>\n\t\t<div class=\"elementor-element elementor-element-6b5e30a e-con-full e-flex e-con e-child\" data-id=\"6b5e30a\" data-element_type=\"container\" data-settings=\"{&quot;background_background&quot;:&quot;classic&quot;}\">\n\t\t\t\t<\/div>\n\t\t\t\t\t<\/div>\n\t\t\t\t<\/div>\n\t\t\t\t<\/div>\n\t\t\t\t\t\t\t<\/div>\n\t\t\t\t\t\t\t\t\t<\/div>\n\t\t\t\t\t\t<div class=\"elementor-testimonial__footer\">\n\t\t\t\t\t\t\t\t\t\t\t<\/div>\n\t\t<\/div>\n\t\t\t\t\t\t\t\t<\/div>\n\t\t\t\t\t\t\t\t\t\t\t<div class=\"swiper-slide\">\n\t\t\t\t\t\t\t\t\t<div class=\"elementor-testimonial\">\n\t\t\t\t\t\t\t<div class=\"elementor-testimonial__content\">\n\t\t\t\t\t<div class=\"elementor-testimonial__text\">\n\t\t\t\t\t\t\t\t<div data-elementor-type=\"page\" data-elementor-id=\"3649\" class=\"elementor elementor-3649\" data-elementor-post-type=\"elementor_library\">\n\t\t\t\t<div class=\"elementor-element elementor-element-356335d e-flex e-con-boxed e-con e-parent\" data-id=\"356335d\" data-element_type=\"container\">\n\t\t\t\t\t<div class=\"e-con-inner\">\n\t\t<div class=\"elementor-element elementor-element-d09a3c4 e-con-full e-flex e-con e-child\" data-id=\"d09a3c4\" data-element_type=\"container\" data-settings=\"{&quot;background_background&quot;:&quot;classic&quot;}\">\n\t\t\t\t<div class=\"elementor-element elementor-element-83c4f0c elementor-widget elementor-widget-heading\" data-id=\"83c4f0c\" data-element_type=\"widget\" data-widget_type=\"heading.default\">\n\t\t\t\t<div class=\"elementor-widget-container\">\n\t\t\t<div class=\"elementor-heading-title elementor-size-default\">Humanity<\/div>\t\t<\/div>\n\t\t\t\t<\/div>\n\t\t\t\t<div class=\"elementor-element elementor-element-7358de4 elementor-widget elementor-widget-text-editor\" data-id=\"7358de4\" data-element_type=\"widget\" data-widget_type=\"text-editor.default\">\n\t\t\t\t<div class=\"elementor-widget-container\">\n\t\t\t\t\t\t\t<p>Each team member plays a crucial role in the success of our projects, which is why we place a strong emphasis on putting people at the heart of our operations. Being a human-scale company ensures smooth communication and strong relationships among colleagues, fostered by the proximity of our services.<\/p><p>Our team promotes kindness and mutual respect daily, both internally and in our client relationships, which we strive to make enduring and transparent.<\/p>\t\t\t\t\t\t<\/div>\n\t\t\t\t<\/div>\n\t\t\t\t<\/div>\n\t\t<div class=\"elementor-element elementor-element-c05dca6 e-con-full e-flex e-con e-child\" data-id=\"c05dca6\" data-element_type=\"container\" data-settings=\"{&quot;background_background&quot;:&quot;classic&quot;}\">\n\t\t\t\t<\/div>\n\t\t\t\t\t<\/div>\n\t\t\t\t<\/div>\n\t\t\t\t<\/div>\n\t\t\t\t\t\t\t<\/div>\n\t\t\t\t\t\t\t\t\t<\/div>\n\t\t\t\t\t\t<div class=\"elementor-testimonial__footer\">\n\t\t\t\t\t\t\t\t\t\t\t<\/div>\n\t\t<\/div>\n\t\t\t\t\t\t\t\t<\/div>\n\t\t\t\t\t\t\t\t\t<\/div>\n\t\t\t\t\t\t\t\t\t\t\t\t\t\t\t\t\t\t\t\t<div class=\"elementor-swiper-button elementor-swiper-button-prev\" role=\"button\" tabindex=\"0\">\n\t\t\t\t\t\t\t<i aria-hidden=\"true\" class=\"eicon-chevron-left\"><\/i>\t\t\t\t\t\t\t<span class=\"elementor-screen-only\">Previous<\/span>\n\t\t\t\t\t\t<\/div>\n\t\t\t\t\t\t<div class=\"elementor-swiper-button elementor-swiper-button-next\" role=\"button\" tabindex=\"0\">\n\t\t\t\t\t\t\t<i aria-hidden=\"true\" class=\"eicon-chevron-right\"><\/i>\t\t\t\t\t\t\t<span class=\"elementor-screen-only\">Next<\/span>\n\t\t\t\t\t\t<\/div>\n\t\t\t\t\t\t\t\t\t\t\t\t<\/div>\n\t\t<\/div>\n\t\t\t\t<\/div>\n\t\t\t\t<\/div>\n\t\t\t\t\t<\/div>\n\t\t\t\t<\/div>\n\t\t\t\t<\/div>","protected":false},"excerpt":{"rendered":"<p>Nos valeurs Audace, Exigence, Enthousiasme et Humanit\u00e9 Pr\u00e9c\u00e9dent Suivant<\/p>","protected":false},"author":1,"featured_media":0,"parent":0,"menu_order":0,"comment_status":"closed","ping_status":"closed","template":"elementor_header_footer","meta":{"_acf_changed":false,"footnotes":""},"class_list":["post-2473","page","type-page","status-publish","hentry"],"acf":[],"yoast_head":"<!-- This site is optimized with the Yoast SEO plugin v23.0 - https:\/\/yoast.com\/wordpress\/plugins\/seo\/ -->\n<title>Nos Valeurs : Audace, Exigence, Enthousiasme et Humanit\u00e9<\/title>\n<meta name=\"description\" content=\"Le Groupe Financi\u00e8re Teychen\u00e9, c&#039;est d&#039;abord une entreprise empreinte de valeurs, humaine, proche de ses clients et r\u00e9active.\" \/>\n<meta name=\"robots\" content=\"index, follow, max-snippet:-1, max-image-preview:large, max-video-preview:-1\" \/>\n<link rel=\"canonical\" href=\"https:\/\/financiere-teychene.com\/en\/nos-valeurs\/\" \/>\n<meta property=\"og:locale\" content=\"en_GB\" \/>\n<meta property=\"og:type\" content=\"article\" \/>\n<meta property=\"og:title\" content=\"Nos Valeurs : Audace, Exigence, Enthousiasme et Humanit\u00e9\" \/>\n<meta property=\"og:description\" content=\"Le Groupe Financi\u00e8re Teychen\u00e9, c&#039;est d&#039;abord une entreprise empreinte de valeurs, humaine, proche de ses clients et r\u00e9active.\" \/>\n<meta property=\"og:url\" content=\"https:\/\/financiere-teychene.com\/en\/nos-valeurs\/\" \/>\n<meta property=\"og:site_name\" content=\"Groupe Financi\u00e8re Teychen\u00e9\" \/>\n<meta property=\"article:modified_time\" content=\"2023-09-27T12:28:53+00:00\" \/>\n<meta property=\"og:image\" content=\"https:\/\/financiere-teychene.com\/wp-content\/uploads\/2023\/08\/56-58ALSACE-0032x.jpg\" \/>\n\t<meta property=\"og:image:width\" content=\"1920\" \/>\n\t<meta property=\"og:image:height\" content=\"956\" \/>\n\t<meta property=\"og:image:type\" content=\"image\/jpeg\" \/>\n<meta name=\"twitter:card\" content=\"summary_large_image\" \/>\n<meta name=\"twitter:label1\" content=\"Estimated reading time\" \/>\n\t<meta name=\"twitter:data1\" content=\"1 minute\" \/>\n<script type=\"application\/ld+json\" class=\"yoast-schema-graph\">{\"@context\":\"https:\/\/schema.org\",\"@graph\":[{\"@type\":\"WebPage\",\"@id\":\"https:\/\/financiere-teychene.com\/nos-valeurs\/\",\"url\":\"https:\/\/financiere-teychene.com\/nos-valeurs\/\",\"name\":\"Nos Valeurs : Audace, Exigence, Enthousiasme et Humanit\u00e9\",\"isPartOf\":{\"@id\":\"https:\/\/financiere-teychene.com\/#website\"},\"datePublished\":\"2023-08-04T06:42:26+00:00\",\"dateModified\":\"2023-09-27T12:28:53+00:00\",\"description\":\"Le Groupe Financi\u00e8re Teychen\u00e9, c'est d'abord une entreprise empreinte de valeurs, humaine, proche de ses clients et r\u00e9active.\",\"breadcrumb\":{\"@id\":\"https:\/\/financiere-teychene.com\/nos-valeurs\/#breadcrumb\"},\"inLanguage\":\"en-GB\",\"potentialAction\":[{\"@type\":\"ReadAction\",\"target\":[\"https:\/\/financiere-teychene.com\/nos-valeurs\/\"]}]},{\"@type\":\"BreadcrumbList\",\"@id\":\"https:\/\/financiere-teychene.com\/nos-valeurs\/#breadcrumb\",\"itemListElement\":[{\"@type\":\"ListItem\",\"position\":1,\"name\":\"Accueil\",\"item\":\"https:\/\/financiere-teychene.com\/\"},{\"@type\":\"ListItem\",\"position\":2,\"name\":\"Nos valeurs\"}]},{\"@type\":\"WebSite\",\"@id\":\"https:\/\/financiere-teychene.com\/#website\",\"url\":\"https:\/\/financiere-teychene.com\/\",\"name\":\"Groupe Financi\u00e8re Teychen\u00e9\",\"description\":\"N\u00b01 des fonci\u00e8res priv\u00e9es non c\u00f4t\u00e9es en Bourse\",\"publisher\":{\"@id\":\"https:\/\/financiere-teychene.com\/#organization\"},\"alternateName\":\"Groupe Financi\u00e8re Teychen\u00e9\",\"potentialAction\":[{\"@type\":\"SearchAction\",\"target\":{\"@type\":\"EntryPoint\",\"urlTemplate\":\"https:\/\/financiere-teychene.com\/?s={search_term_string}\"},\"query-input\":\"required name=search_term_string\"}],\"inLanguage\":\"en-GB\"},{\"@type\":\"Organization\",\"@id\":\"https:\/\/financiere-teychene.com\/#organization\",\"name\":\"Groupe Financi\u00e8re Teychen\u00e9\",\"alternateName\":\"Financi\u00e8re Teychen\u00e9\",\"url\":\"https:\/\/financiere-teychene.com\/\",\"logo\":{\"@type\":\"ImageObject\",\"inLanguage\":\"en-GB\",\"@id\":\"https:\/\/financiere-teychene.com\/#\/schema\/logo\/image\/\",\"url\":\"https:\/\/financiere-teychene.com\/wp-content\/uploads\/2023\/09\/LogoTEYCHENE-Quadri-Horizontal.png\",\"contentUrl\":\"https:\/\/financiere-teychene.com\/wp-content\/uploads\/2023\/09\/LogoTEYCHENE-Quadri-Horizontal.png\",\"width\":2481,\"height\":677,\"caption\":\"Groupe Financi\u00e8re Teychen\u00e9\"},\"image\":{\"@id\":\"https:\/\/financiere-teychene.com\/#\/schema\/logo\/image\/\"},\"sameAs\":[\"https:\/\/www.linkedin.com\/company\/groupe-financire-teychen\"]}]}<\/script>\n<!-- \/ Yoast SEO plugin. -->","yoast_head_json":{"title":"Nos Valeurs : Audace, Exigence, Enthousiasme et Humanit\u00e9","description":"Le Groupe Financi\u00e8re Teychen\u00e9, c'est d'abord une entreprise empreinte de valeurs, humaine, proche de ses clients et r\u00e9active.","robots":{"index":"index","follow":"follow","max-snippet":"max-snippet:-1","max-image-preview":"max-image-preview:large","max-video-preview":"max-video-preview:-1"},"canonical":"https:\/\/financiere-teychene.com\/en\/nos-valeurs\/","og_locale":"en_GB","og_type":"article","og_title":"Nos Valeurs : Audace, Exigence, Enthousiasme et Humanit\u00e9","og_description":"Le Groupe Financi\u00e8re Teychen\u00e9, c'est d'abord une entreprise empreinte de valeurs, humaine, proche de ses clients et r\u00e9active.","og_url":"https:\/\/financiere-teychene.com\/en\/nos-valeurs\/","og_site_name":"Groupe Financi\u00e8re Teychen\u00e9","article_modified_time":"2023-09-27T12:28:53+00:00","og_image":[{"width":1920,"height":956,"url":"https:\/\/financiere-teychene.com\/wp-content\/uploads\/2023\/08\/56-58ALSACE-0032x.jpg","type":"image\/jpeg"}],"twitter_card":"summary_large_image","twitter_misc":{"Estimated reading time":"1 minute"},"schema":{"@context":"https:\/\/schema.org","@graph":[{"@type":"WebPage","@id":"https:\/\/financiere-teychene.com\/nos-valeurs\/","url":"https:\/\/financiere-teychene.com\/nos-valeurs\/","name":"Nos Valeurs : Audace, Exigence, Enthousiasme et Humanit\u00e9","isPartOf":{"@id":"https:\/\/financiere-teychene.com\/#website"},"datePublished":"2023-08-04T06:42:26+00:00","dateModified":"2023-09-27T12:28:53+00:00","description":"Le Groupe Financi\u00e8re Teychen\u00e9, c'est d'abord une entreprise empreinte de valeurs, humaine, proche de ses clients et r\u00e9active.","breadcrumb":{"@id":"https:\/\/financiere-teychene.com\/nos-valeurs\/#breadcrumb"},"inLanguage":"en-GB","potentialAction":[{"@type":"ReadAction","target":["https:\/\/financiere-teychene.com\/nos-valeurs\/"]}]},{"@type":"BreadcrumbList","@id":"https:\/\/financiere-teychene.com\/nos-valeurs\/#breadcrumb","itemListElement":[{"@type":"ListItem","position":1,"name":"Accueil","item":"https:\/\/financiere-teychene.com\/"},{"@type":"ListItem","position":2,"name":"Nos valeurs"}]},{"@type":"WebSite","@id":"https:\/\/financiere-teychene.com\/#website","url":"https:\/\/financiere-teychene.com\/","name":"Groupe Financi\u00e8re Teychen\u00e9","description":"N\u00b01 des fonci\u00e8res priv\u00e9es non c\u00f4t\u00e9es en Bourse","publisher":{"@id":"https:\/\/financiere-teychene.com\/#organization"},"alternateName":"Groupe Financi\u00e8re Teychen\u00e9","potentialAction":[{"@type":"SearchAction","target":{"@type":"EntryPoint","urlTemplate":"https:\/\/financiere-teychene.com\/?s={search_term_string}"},"query-input":"required name=search_term_string"}],"inLanguage":"en-GB"},{"@type":"Organization","@id":"https:\/\/financiere-teychene.com\/#organization","name":"Groupe Financi\u00e8re Teychen\u00e9","alternateName":"Financi\u00e8re Teychen\u00e9","url":"https:\/\/financiere-teychene.com\/","logo":{"@type":"ImageObject","inLanguage":"en-GB","@id":"https:\/\/financiere-teychene.com\/#\/schema\/logo\/image\/","url":"https:\/\/financiere-teychene.com\/wp-content\/uploads\/2023\/09\/LogoTEYCHENE-Quadri-Horizontal.png","contentUrl":"https:\/\/financiere-teychene.com\/wp-content\/uploads\/2023\/09\/LogoTEYCHENE-Quadri-Horizontal.png","width":2481,"height":677,"caption":"Groupe Financi\u00e8re Teychen\u00e9"},"image":{"@id":"https:\/\/financiere-teychene.com\/#\/schema\/logo\/image\/"},"sameAs":["https:\/\/www.linkedin.com\/company\/groupe-financire-teychen"]}]}},"_links":{"self":[{"href":"https:\/\/financiere-teychene.com\/en\/wp-json\/wp\/v2\/pages\/2473","targetHints":{"allow":["GET"]}}],"collection":[{"href":"https:\/\/financiere-teychene.com\/en\/wp-json\/wp\/v2\/pages"}],"about":[{"href":"https:\/\/financiere-teychene.com\/en\/wp-json\/wp\/v2\/types\/page"}],"author":[{"embeddable":true,"href":"https:\/\/financiere-teychene.com\/en\/wp-json\/wp\/v2\/users\/1"}],"replies":[{"embeddable":true,"href":"https:\/\/financiere-teychene.com\/en\/wp-json\/wp\/v2\/comments?post=2473"}],"version-history":[{"count":0,"href":"https:\/\/financiere-teychene.com\/en\/wp-json\/wp\/v2\/pages\/2473\/revisions"}],"wp:attachment":[{"href":"https:\/\/financiere-teychene.com\/en\/wp-json\/wp\/v2\/media?parent=2473"}],"curies":[{"name":"wp","href":"https:\/\/api.w.org\/{rel}","templated":true}]}}