{"id":4045,"date":"2023-08-09T11:51:25","date_gmt":"2023-08-09T11:51:25","guid":{"rendered":"https:\/\/financiere-teychene.com\/?page_id=4045"},"modified":"2025-08-25T13:20:06","modified_gmt":"2025-08-25T13:20:06","slug":"nous-contacter","status":"publish","type":"page","link":"https:\/\/financiere-teychene.com\/en\/nous-contacter\/","title":{"rendered":"Contact Us"},"content":{"rendered":"<div data-elementor-type=\"wp-page\" data-elementor-id=\"4045\" class=\"elementor elementor-4045\" data-elementor-post-type=\"page\">\n\t\t\t\t<div class=\"elementor-element elementor-element-3b8d1a0 e-flex e-con-boxed e-con e-parent\" data-id=\"3b8d1a0\" data-element_type=\"container\">\n\t\t\t\t\t<div class=\"e-con-inner\">\n\t\t<div class=\"elementor-element elementor-element-5ca2458 e-flex e-con-boxed e-con e-child\" data-id=\"5ca2458\" data-element_type=\"container\">\n\t\t\t\t\t<div class=\"e-con-inner\">\n\t\t\t\t<div class=\"elementor-element elementor-element-d638245 elementor-widget elementor-widget-heading\" data-id=\"d638245\" data-element_type=\"widget\" data-widget_type=\"heading.default\">\n\t\t\t\t<div class=\"elementor-widget-container\">\n\t\t\t<div class=\"elementor-heading-title elementor-size-default\">Contact Us<\/div>\t\t<\/div>\n\t\t\t\t<\/div>\n\t\t\t\t<div class=\"elementor-element elementor-element-a66ec56 elementor-widget elementor-widget-heading\" data-id=\"a66ec56\" data-element_type=\"widget\" data-widget_type=\"heading.default\">\n\t\t\t\t<div class=\"elementor-widget-container\">\n\t\t\t<div class=\"elementor-heading-title elementor-size-default\">Toulouse \/ Paris \/ Bruxelles<\/div>\t\t<\/div>\n\t\t\t\t<\/div>\n\t\t\t\t\t<\/div>\n\t\t\t\t<\/div>\n\t\t\t\t\t<\/div>\n\t\t\t\t<\/div>\n\t\t<div class=\"elementor-element elementor-element-5bbb95e e-flex e-con-boxed e-con e-parent\" data-id=\"5bbb95e\" data-element_type=\"container\">\n\t\t\t\t\t<div class=\"e-con-inner\">\n\t\t<div class=\"elementor-element elementor-element-56670fe e-con-full e-flex e-con e-child\" data-id=\"56670fe\" data-element_type=\"container\">\n\t\t\t\t<div class=\"elementor-element elementor-element-b3b8aeb elementor-widget elementor-widget-image\" data-id=\"b3b8aeb\" data-element_type=\"widget\" data-widget_type=\"image.default\">\n\t\t\t\t<div class=\"elementor-widget-container\">\n\t\t\t\t\t\t\t\t\t\t\t\t\t<img fetchpriority=\"high\" decoding=\"async\" width=\"353\" height=\"421\" src=\"https:\/\/financiere-teychene.com\/wp-content\/uploads\/2023\/08\/129-ROUTEDALBI-177.png\" class=\"attachment-large size-large wp-image-4056\" alt=\"SI\u00c8GE SOCIAL GFT FRANCE\" srcset=\"https:\/\/financiere-teychene.com\/wp-content\/uploads\/2023\/08\/129-ROUTEDALBI-177.png 353w, https:\/\/financiere-teychene.com\/wp-content\/uploads\/2023\/08\/129-ROUTEDALBI-177-252x300.png 252w\" sizes=\"(max-width: 353px) 100vw, 353px\" \/>\t\t\t\t\t\t\t\t\t\t\t\t\t<\/div>\n\t\t\t\t<\/div>\n\t\t\t\t<div class=\"elementor-element elementor-element-51c63e7 elementor-widget elementor-widget-heading\" data-id=\"51c63e7\" data-element_type=\"widget\" data-widget_type=\"heading.default\">\n\t\t\t\t<div class=\"elementor-widget-container\">\n\t\t\t<div class=\"elementor-heading-title elementor-size-default\">Toulouse<\/div>\t\t<\/div>\n\t\t\t\t<\/div>\n\t\t\t\t<div class=\"elementor-element elementor-element-d723bd0 elementor-widget elementor-widget-heading\" data-id=\"d723bd0\" data-element_type=\"widget\" data-widget_type=\"heading.default\">\n\t\t\t\t<div class=\"elementor-widget-container\">\n\t\t\t<div class=\"elementor-heading-title elementor-size-default\">FRANCE HEADQUARTERS<\/div>\t\t<\/div>\n\t\t\t\t<\/div>\n\t\t\t\t<div class=\"elementor-element elementor-element-649ef38 elementor-widget elementor-widget-text-editor\" data-id=\"649ef38\" data-element_type=\"widget\" data-widget_type=\"text-editor.default\">\n\t\t\t\t<div class=\"elementor-widget-container\">\n\t\t\t\t\t\t\t<p>Ch\u00e2teau Roseraie, 129, Route d&rsquo;Albi <br \/>31200 TOULOUSE &#8211; FRANCE<\/p>\t\t\t\t\t\t<\/div>\n\t\t\t\t<\/div>\n\t\t\t\t<div class=\"elementor-element elementor-element-1e50b7d elementor-widget elementor-widget-text-editor\" data-id=\"1e50b7d\" data-element_type=\"widget\" data-widget_type=\"text-editor.default\">\n\t\t\t\t<div class=\"elementor-widget-container\">\n\t\t\t\t\t\t\t<a style=\"color: #004052;\" href=\"tel:33534256350\">+(33)5.34.25.63.50<\/a>\t\t\t\t\t\t<\/div>\n\t\t\t\t<\/div>\n\t\t\t\t<div class=\"elementor-element elementor-element-252012f elementor-widget elementor-widget-text-editor\" data-id=\"252012f\" data-element_type=\"widget\" data-widget_type=\"text-editor.default\">\n\t\t\t\t<div class=\"elementor-widget-container\">\n\t\t\t\t\t\t\t<a style=\"color: #5398AE;\" href=\"mailto:contact@financiere-teychene.com\">contact@financiere-teychene.com<\/a>\t\t\t\t\t\t<\/div>\n\t\t\t\t<\/div>\n\t\t\t\t<\/div>\n\t\t<div class=\"elementor-element elementor-element-7f4b458 e-con-full e-flex e-con e-child\" data-id=\"7f4b458\" data-element_type=\"container\">\n\t\t\t\t<\/div>\n\t\t<div class=\"elementor-element elementor-element-3a577c1 e-con-full e-flex e-con e-child\" data-id=\"3a577c1\" data-element_type=\"container\">\n\t\t\t\t<div class=\"elementor-element elementor-element-944bd0f elementor-widget elementor-widget-image\" data-id=\"944bd0f\" data-element_type=\"widget\" data-widget_type=\"image.default\">\n\t\t\t\t<div class=\"elementor-widget-container\">\n\t\t\t\t\t\t\t\t\t\t\t\t\t<img decoding=\"async\" width=\"572\" height=\"682\" src=\"https:\/\/financiere-teychene.com\/wp-content\/uploads\/2025\/08\/OFF_REF_PROD81829_DESCRO1-1.jpg\" class=\"attachment-large size-large wp-image-8032\" alt=\"\" srcset=\"https:\/\/financiere-teychene.com\/wp-content\/uploads\/2025\/08\/OFF_REF_PROD81829_DESCRO1-1.jpg 572w, https:\/\/financiere-teychene.com\/wp-content\/uploads\/2025\/08\/OFF_REF_PROD81829_DESCRO1-1-252x300.jpg 252w, https:\/\/financiere-teychene.com\/wp-content\/uploads\/2025\/08\/OFF_REF_PROD81829_DESCRO1-1-10x12.jpg 10w\" sizes=\"(max-width: 572px) 100vw, 572px\" \/>\t\t\t\t\t\t\t\t\t\t\t\t\t<\/div>\n\t\t\t\t<\/div>\n\t\t\t\t<div class=\"elementor-element elementor-element-da9552e elementor-widget elementor-widget-heading\" data-id=\"da9552e\" data-element_type=\"widget\" data-widget_type=\"heading.default\">\n\t\t\t\t<div class=\"elementor-widget-container\">\n\t\t\t<div class=\"elementor-heading-title elementor-size-default\">Paris<\/div>\t\t<\/div>\n\t\t\t\t<\/div>\n\t\t\t\t<div class=\"elementor-element elementor-element-ab1185c elementor-widget elementor-widget-heading\" data-id=\"ab1185c\" data-element_type=\"widget\" data-widget_type=\"heading.default\">\n\t\t\t\t<div class=\"elementor-widget-container\">\n\t\t\t<div class=\"elementor-heading-title elementor-size-default\">PARIS OFFICE<\/div>\t\t<\/div>\n\t\t\t\t<\/div>\n\t\t\t\t<div class=\"elementor-element elementor-element-59d3a45 elementor-widget elementor-widget-text-editor\" data-id=\"59d3a45\" data-element_type=\"widget\" data-widget_type=\"text-editor.default\">\n\t\t\t\t<div class=\"elementor-widget-container\">\n\t\t\t\t\t\t\t<p>Bureaux de la Colline, B\u00e2t D \u2013 9\u00e8me \u00e9tage<br \/>92210 SAINT-CLOUD &#8211; FRANCE<\/p>\t\t\t\t\t\t<\/div>\n\t\t\t\t<\/div>\n\t\t\t\t<div class=\"elementor-element elementor-element-c6e4eeb elementor-widget elementor-widget-text-editor\" data-id=\"c6e4eeb\" data-element_type=\"widget\" data-widget_type=\"text-editor.default\">\n\t\t\t\t<div class=\"elementor-widget-container\">\n\t\t\t\t\t\t\t<a style=\"color: #5398AE;\" href=\"mailto:contact@financiere-teychene.com\">contact@financiere-teychene.com<\/a>\t\t\t\t\t\t<\/div>\n\t\t\t\t<\/div>\n\t\t\t\t<\/div>\n\t\t<div class=\"elementor-element elementor-element-7a9920c e-con-full e-flex e-con e-child\" data-id=\"7a9920c\" data-element_type=\"container\">\n\t\t\t\t<\/div>\n\t\t<div class=\"elementor-element elementor-element-bd24be3 e-con-full e-flex e-con e-child\" data-id=\"bd24be3\" data-element_type=\"container\">\n\t\t\t\t<div class=\"elementor-element elementor-element-3b6b088 elementor-widget elementor-widget-image\" data-id=\"3b6b088\" data-element_type=\"widget\" data-widget_type=\"image.default\">\n\t\t\t\t<div class=\"elementor-widget-container\">\n\t\t\t\t\t\t\t\t\t\t\t\t\t<img decoding=\"async\" width=\"353\" height=\"421\" src=\"https:\/\/financiere-teychene.com\/wp-content\/uploads\/2023\/08\/Picture4.png\" class=\"attachment-large size-large wp-image-4115\" alt=\"TEYCHENE INVEST BELGIQUE\" srcset=\"https:\/\/financiere-teychene.com\/wp-content\/uploads\/2023\/08\/Picture4.png 353w, https:\/\/financiere-teychene.com\/wp-content\/uploads\/2023\/08\/Picture4-252x300.png 252w\" sizes=\"(max-width: 353px) 100vw, 353px\" \/>\t\t\t\t\t\t\t\t\t\t\t\t\t<\/div>\n\t\t\t\t<\/div>\n\t\t\t\t<div class=\"elementor-element elementor-element-555e9fa elementor-widget elementor-widget-heading\" data-id=\"555e9fa\" data-element_type=\"widget\" data-widget_type=\"heading.default\">\n\t\t\t\t<div class=\"elementor-widget-container\">\n\t\t\t<div class=\"elementor-heading-title elementor-size-default\">Bruxelles<\/div>\t\t<\/div>\n\t\t\t\t<\/div>\n\t\t\t\t<div class=\"elementor-element elementor-element-3ff1d8a elementor-widget elementor-widget-heading\" data-id=\"3ff1d8a\" data-element_type=\"widget\" data-widget_type=\"heading.default\">\n\t\t\t\t<div class=\"elementor-widget-container\">\n\t\t\t<div class=\"elementor-heading-title elementor-size-default\">TEYCHENE INVEST BELGIQUE<\/div>\t\t<\/div>\n\t\t\t\t<\/div>\n\t\t\t\t<div class=\"elementor-element elementor-element-2974cc8 elementor-widget elementor-widget-text-editor\" data-id=\"2974cc8\" data-element_type=\"widget\" data-widget_type=\"text-editor.default\">\n\t\t\t\t<div class=\"elementor-widget-container\">\n\t\t\t\t\t\t\t<p>Avenue Louise 480 &#8211; 5\u00e8me \u00e9tage IT Tower <br \/>1050 BRUXELLES &#8211; BELGIQUE<\/p>\t\t\t\t\t\t<\/div>\n\t\t\t\t<\/div>\n\t\t\t\t<div class=\"elementor-element elementor-element-d8ce9b9 elementor-widget elementor-widget-text-editor\" data-id=\"d8ce9b9\" data-element_type=\"widget\" data-widget_type=\"text-editor.default\">\n\t\t\t\t<div class=\"elementor-widget-container\">\n\t\t\t\t\t\t\t<a style=\"color: #004052;\" href=\"tel:3223759433\">+(32)2.375.94.33<\/a>\t\t\t\t\t\t<\/div>\n\t\t\t\t<\/div>\n\t\t\t\t<div class=\"elementor-element elementor-element-a5e53aa elementor-widget elementor-widget-text-editor\" data-id=\"a5e53aa\" data-element_type=\"widget\" data-widget_type=\"text-editor.default\">\n\t\t\t\t<div class=\"elementor-widget-container\">\n\t\t\t\t\t\t\t<a style=\"color: #5398AE;\" href=\"mailto:contact@financiere-teychene.com\">contact@financiere-teychene.com<\/a>\t\t\t\t\t\t<\/div>\n\t\t\t\t<\/div>\n\t\t\t\t<div class=\"elementor-element elementor-element-629e98d elementor-widget elementor-widget-text-editor\" data-id=\"629e98d\" data-element_type=\"widget\" data-widget_type=\"text-editor.default\">\n\t\t\t\t<div class=\"elementor-widget-container\">\n\t\t\t\t\t\t\t<p><span style=\"text-decoration: underline;\"><a style=\"color: #5398ae; text-decoration: underline;\" href=\"\/en\/www.financiere-teychene.be\/\" target=\"_blank\" rel=\"noopener\">www.financiere-teychene.be<\/a><\/span><\/p>\t\t\t\t\t\t<\/div>\n\t\t\t\t<\/div>\n\t\t\t\t<div class=\"elementor-element elementor-element-e4c3163 elementor-widget elementor-widget-heading\" data-id=\"e4c3163\" data-element_type=\"widget\" data-widget_type=\"heading.default\">\n\t\t\t\t<div class=\"elementor-widget-container\">\n\t\t\t<div class=\"elementor-heading-title elementor-size-default\">BELGIUM HEADQUARTERS<\/div>\t\t<\/div>\n\t\t\t\t<\/div>\n\t\t\t\t<div class=\"elementor-element elementor-element-87503a0 elementor-widget elementor-widget-text-editor\" data-id=\"87503a0\" data-element_type=\"widget\" data-widget_type=\"text-editor.default\">\n\t\t\t\t<div class=\"elementor-widget-container\">\n\t\t\t\t\t\t\t<p>Avenue de la Ch\u00eanaie, 133\/135<br \/>1180 Uccle &#8211; BRUXELLES &#8211; BELGIQUE<\/p>\t\t\t\t\t\t<\/div>\n\t\t\t\t<\/div>\n\t\t\t\t<\/div>\n\t\t\t\t\t<\/div>\n\t\t\t\t<\/div>\n\t\t\t\t<\/div>","protected":false},"excerpt":{"rendered":"<p>Nous contacter Toulouse \/ Paris \/ Bruxelles Toulouse SI\u00c8GE SOCIAL FRANCE Ch\u00e2teau Roseraie, 129, Route d&rsquo;Albi 31200 TOULOUSE &#8211; FRANCE +(33)5.34.25.63.50contact@financiere-teychene.com Paris BUREAU PARISIEN Bureaux de la Colline, B\u00e2t D \u2013 9\u00e8me \u00e9tage92210 SAINT-CLOUD &#8211; FRANCE contact@financiere-teychene.com Bruxelles TEYCHENE INVEST BELGIQUE Avenue Louise 480 &#8211; 5\u00e8me \u00e9tage IT Tower 1050 BRUXELLES &#8211; BELGIQUE +(32)2.375.94.33contact@financiere-teychene.com www.financiere-teychene.be [&hellip;]<\/p>","protected":false},"author":1,"featured_media":4056,"parent":0,"menu_order":0,"comment_status":"closed","ping_status":"closed","template":"elementor_header_footer","meta":{"_acf_changed":false,"footnotes":""},"class_list":["post-4045","page","type-page","status-publish","has-post-thumbnail","hentry"],"acf":[],"yoast_head":"<!-- This site is optimized with the Yoast SEO plugin v23.0 - https:\/\/yoast.com\/wordpress\/plugins\/seo\/ -->\n<title>Nous contacter : Toulouse \/ Paris \/ Bruxelles<\/title>\n<meta name=\"description\" content=\"Si\u00e8ge social Toulouse (+33)5.34.25.63.50 - Paris contact@financiere-teychene.com - Bruxelles (+32)2.375.94.33\" \/>\n<meta name=\"robots\" content=\"index, follow, max-snippet:-1, max-image-preview:large, max-video-preview:-1\" \/>\n<link rel=\"canonical\" href=\"https:\/\/financiere-teychene.com\/en\/nous-contacter\/\" \/>\n<meta property=\"og:locale\" content=\"en_GB\" \/>\n<meta property=\"og:type\" content=\"article\" \/>\n<meta property=\"og:title\" content=\"Nous contacter : Toulouse \/ Paris \/ Bruxelles\" \/>\n<meta property=\"og:description\" content=\"Si\u00e8ge social Toulouse (+33)5.34.25.63.50 - Paris contact@financiere-teychene.com - Bruxelles (+32)2.375.94.33\" \/>\n<meta property=\"og:url\" content=\"https:\/\/financiere-teychene.com\/en\/nous-contacter\/\" \/>\n<meta property=\"og:site_name\" content=\"Groupe Financi\u00e8re Teychen\u00e9\" \/>\n<meta property=\"article:modified_time\" content=\"2025-08-25T13:20:06+00:00\" \/>\n<meta property=\"og:image\" content=\"https:\/\/financiere-teychene.com\/wp-content\/uploads\/2023\/08\/129-ROUTEDALBI-177.png\" \/>\n\t<meta property=\"og:image:width\" content=\"353\" \/>\n\t<meta property=\"og:image:height\" content=\"421\" \/>\n\t<meta property=\"og:image:type\" content=\"image\/png\" \/>\n<meta name=\"twitter:card\" content=\"summary_large_image\" \/>\n<meta name=\"twitter:label1\" content=\"Estimated reading time\" \/>\n\t<meta name=\"twitter:data1\" content=\"1 minute\" \/>\n<script type=\"application\/ld+json\" class=\"yoast-schema-graph\">{\"@context\":\"https:\/\/schema.org\",\"@graph\":[{\"@type\":[\"WebPage\",\"ContactPage\"],\"@id\":\"https:\/\/financiere-teychene.com\/nous-contacter\/\",\"url\":\"https:\/\/financiere-teychene.com\/nous-contacter\/\",\"name\":\"Nous contacter : Toulouse \/ Paris \/ Bruxelles\",\"isPartOf\":{\"@id\":\"https:\/\/financiere-teychene.com\/#website\"},\"primaryImageOfPage\":{\"@id\":\"https:\/\/financiere-teychene.com\/nous-contacter\/#primaryimage\"},\"image\":{\"@id\":\"https:\/\/financiere-teychene.com\/nous-contacter\/#primaryimage\"},\"thumbnailUrl\":\"https:\/\/financiere-teychene.com\/wp-content\/uploads\/2023\/08\/129-ROUTEDALBI-177.png\",\"datePublished\":\"2023-08-09T11:51:25+00:00\",\"dateModified\":\"2025-08-25T13:20:06+00:00\",\"description\":\"Si\u00e8ge social Toulouse (+33)5.34.25.63.50 - Paris contact@financiere-teychene.com - Bruxelles (+32)2.375.94.33\",\"breadcrumb\":{\"@id\":\"https:\/\/financiere-teychene.com\/nous-contacter\/#breadcrumb\"},\"inLanguage\":\"en-GB\",\"potentialAction\":[{\"@type\":\"ReadAction\",\"target\":[\"https:\/\/financiere-teychene.com\/nous-contacter\/\"]}]},{\"@type\":\"ImageObject\",\"inLanguage\":\"en-GB\",\"@id\":\"https:\/\/financiere-teychene.com\/nous-contacter\/#primaryimage\",\"url\":\"https:\/\/financiere-teychene.com\/wp-content\/uploads\/2023\/08\/129-ROUTEDALBI-177.png\",\"contentUrl\":\"https:\/\/financiere-teychene.com\/wp-content\/uploads\/2023\/08\/129-ROUTEDALBI-177.png\",\"width\":353,\"height\":421,\"caption\":\"SI\u00c8GE SOCIAL GFT FRANCE\"},{\"@type\":\"BreadcrumbList\",\"@id\":\"https:\/\/financiere-teychene.com\/nous-contacter\/#breadcrumb\",\"itemListElement\":[{\"@type\":\"ListItem\",\"position\":1,\"name\":\"Accueil\",\"item\":\"https:\/\/financiere-teychene.com\/\"},{\"@type\":\"ListItem\",\"position\":2,\"name\":\"Nous contacter\"}]},{\"@type\":\"WebSite\",\"@id\":\"https:\/\/financiere-teychene.com\/#website\",\"url\":\"https:\/\/financiere-teychene.com\/\",\"name\":\"Groupe Financi\u00e8re Teychen\u00e9\",\"description\":\"N\u00b01 des fonci\u00e8res priv\u00e9es non c\u00f4t\u00e9es en Bourse\",\"publisher\":{\"@id\":\"https:\/\/financiere-teychene.com\/#organization\"},\"alternateName\":\"Groupe Financi\u00e8re Teychen\u00e9\",\"potentialAction\":[{\"@type\":\"SearchAction\",\"target\":{\"@type\":\"EntryPoint\",\"urlTemplate\":\"https:\/\/financiere-teychene.com\/?s={search_term_string}\"},\"query-input\":\"required name=search_term_string\"}],\"inLanguage\":\"en-GB\"},{\"@type\":\"Organization\",\"@id\":\"https:\/\/financiere-teychene.com\/#organization\",\"name\":\"Groupe Financi\u00e8re Teychen\u00e9\",\"alternateName\":\"Financi\u00e8re Teychen\u00e9\",\"url\":\"https:\/\/financiere-teychene.com\/\",\"logo\":{\"@type\":\"ImageObject\",\"inLanguage\":\"en-GB\",\"@id\":\"https:\/\/financiere-teychene.com\/#\/schema\/logo\/image\/\",\"url\":\"https:\/\/financiere-teychene.com\/wp-content\/uploads\/2023\/09\/LogoTEYCHENE-Quadri-Horizontal.png\",\"contentUrl\":\"https:\/\/financiere-teychene.com\/wp-content\/uploads\/2023\/09\/LogoTEYCHENE-Quadri-Horizontal.png\",\"width\":2481,\"height\":677,\"caption\":\"Groupe Financi\u00e8re Teychen\u00e9\"},\"image\":{\"@id\":\"https:\/\/financiere-teychene.com\/#\/schema\/logo\/image\/\"},\"sameAs\":[\"https:\/\/www.linkedin.com\/company\/groupe-financire-teychen\"]}]}<\/script>\n<!-- \/ Yoast SEO plugin. -->","yoast_head_json":{"title":"Nous contacter : Toulouse \/ Paris \/ Bruxelles","description":"Si\u00e8ge social Toulouse (+33)5.34.25.63.50 - Paris contact@financiere-teychene.com - Bruxelles (+32)2.375.94.33","robots":{"index":"index","follow":"follow","max-snippet":"max-snippet:-1","max-image-preview":"max-image-preview:large","max-video-preview":"max-video-preview:-1"},"canonical":"https:\/\/financiere-teychene.com\/en\/nous-contacter\/","og_locale":"en_GB","og_type":"article","og_title":"Nous contacter : Toulouse \/ Paris \/ Bruxelles","og_description":"Si\u00e8ge social Toulouse (+33)5.34.25.63.50 - Paris contact@financiere-teychene.com - Bruxelles (+32)2.375.94.33","og_url":"https:\/\/financiere-teychene.com\/en\/nous-contacter\/","og_site_name":"Groupe Financi\u00e8re Teychen\u00e9","article_modified_time":"2025-08-25T13:20:06+00:00","og_image":[{"width":353,"height":421,"url":"https:\/\/financiere-teychene.com\/wp-content\/uploads\/2023\/08\/129-ROUTEDALBI-177.png","type":"image\/png"}],"twitter_card":"summary_large_image","twitter_misc":{"Estimated reading time":"1 minute"},"schema":{"@context":"https:\/\/schema.org","@graph":[{"@type":["WebPage","ContactPage"],"@id":"https:\/\/financiere-teychene.com\/nous-contacter\/","url":"https:\/\/financiere-teychene.com\/nous-contacter\/","name":"Nous contacter : Toulouse \/ Paris \/ Bruxelles","isPartOf":{"@id":"https:\/\/financiere-teychene.com\/#website"},"primaryImageOfPage":{"@id":"https:\/\/financiere-teychene.com\/nous-contacter\/#primaryimage"},"image":{"@id":"https:\/\/financiere-teychene.com\/nous-contacter\/#primaryimage"},"thumbnailUrl":"https:\/\/financiere-teychene.com\/wp-content\/uploads\/2023\/08\/129-ROUTEDALBI-177.png","datePublished":"2023-08-09T11:51:25+00:00","dateModified":"2025-08-25T13:20:06+00:00","description":"Si\u00e8ge social Toulouse (+33)5.34.25.63.50 - Paris contact@financiere-teychene.com - Bruxelles (+32)2.375.94.33","breadcrumb":{"@id":"https:\/\/financiere-teychene.com\/nous-contacter\/#breadcrumb"},"inLanguage":"en-GB","potentialAction":[{"@type":"ReadAction","target":["https:\/\/financiere-teychene.com\/nous-contacter\/"]}]},{"@type":"ImageObject","inLanguage":"en-GB","@id":"https:\/\/financiere-teychene.com\/nous-contacter\/#primaryimage","url":"https:\/\/financiere-teychene.com\/wp-content\/uploads\/2023\/08\/129-ROUTEDALBI-177.png","contentUrl":"https:\/\/financiere-teychene.com\/wp-content\/uploads\/2023\/08\/129-ROUTEDALBI-177.png","width":353,"height":421,"caption":"SI\u00c8GE SOCIAL GFT FRANCE"},{"@type":"BreadcrumbList","@id":"https:\/\/financiere-teychene.com\/nous-contacter\/#breadcrumb","itemListElement":[{"@type":"ListItem","position":1,"name":"Accueil","item":"https:\/\/financiere-teychene.com\/"},{"@type":"ListItem","position":2,"name":"Nous contacter"}]},{"@type":"WebSite","@id":"https:\/\/financiere-teychene.com\/#website","url":"https:\/\/financiere-teychene.com\/","name":"Groupe Financi\u00e8re Teychen\u00e9","description":"N\u00b01 des fonci\u00e8res priv\u00e9es non c\u00f4t\u00e9es en Bourse","publisher":{"@id":"https:\/\/financiere-teychene.com\/#organization"},"alternateName":"Groupe Financi\u00e8re Teychen\u00e9","potentialAction":[{"@type":"SearchAction","target":{"@type":"EntryPoint","urlTemplate":"https:\/\/financiere-teychene.com\/?s={search_term_string}"},"query-input":"required name=search_term_string"}],"inLanguage":"en-GB"},{"@type":"Organization","@id":"https:\/\/financiere-teychene.com\/#organization","name":"Groupe Financi\u00e8re Teychen\u00e9","alternateName":"Financi\u00e8re Teychen\u00e9","url":"https:\/\/financiere-teychene.com\/","logo":{"@type":"ImageObject","inLanguage":"en-GB","@id":"https:\/\/financiere-teychene.com\/#\/schema\/logo\/image\/","url":"https:\/\/financiere-teychene.com\/wp-content\/uploads\/2023\/09\/LogoTEYCHENE-Quadri-Horizontal.png","contentUrl":"https:\/\/financiere-teychene.com\/wp-content\/uploads\/2023\/09\/LogoTEYCHENE-Quadri-Horizontal.png","width":2481,"height":677,"caption":"Groupe Financi\u00e8re Teychen\u00e9"},"image":{"@id":"https:\/\/financiere-teychene.com\/#\/schema\/logo\/image\/"},"sameAs":["https:\/\/www.linkedin.com\/company\/groupe-financire-teychen"]}]}},"_links":{"self":[{"href":"https:\/\/financiere-teychene.com\/en\/wp-json\/wp\/v2\/pages\/4045","targetHints":{"allow":["GET"]}}],"collection":[{"href":"https:\/\/financiere-teychene.com\/en\/wp-json\/wp\/v2\/pages"}],"about":[{"href":"https:\/\/financiere-teychene.com\/en\/wp-json\/wp\/v2\/types\/page"}],"author":[{"embeddable":true,"href":"https:\/\/financiere-teychene.com\/en\/wp-json\/wp\/v2\/users\/1"}],"replies":[{"embeddable":true,"href":"https:\/\/financiere-teychene.com\/en\/wp-json\/wp\/v2\/comments?post=4045"}],"version-history":[{"count":9,"href":"https:\/\/financiere-teychene.com\/en\/wp-json\/wp\/v2\/pages\/4045\/revisions"}],"predecessor-version":[{"id":8035,"href":"https:\/\/financiere-teychene.com\/en\/wp-json\/wp\/v2\/pages\/4045\/revisions\/8035"}],"wp:featuredmedia":[{"embeddable":true,"href":"https:\/\/financiere-teychene.com\/en\/wp-json\/wp\/v2\/media\/4056"}],"wp:attachment":[{"href":"https:\/\/financiere-teychene.com\/en\/wp-json\/wp\/v2\/media?parent=4045"}],"curies":[{"name":"wp","href":"https:\/\/api.w.org\/{rel}","templated":true}]}}