{"id":432,"date":"2023-08-04T12:22:57","date_gmt":"2023-08-04T12:22:57","guid":{"rendered":"https:\/\/financiere-teychene.com\/?page_id=432"},"modified":"2024-07-04T12:43:10","modified_gmt":"2024-07-04T12:43:10","slug":"mot-du-president","status":"publish","type":"page","link":"https:\/\/financiere-teychene.com\/en\/mot-du-president\/","title":{"rendered":"A word from the President"},"content":{"rendered":"<div data-elementor-type=\"wp-page\" data-elementor-id=\"432\" class=\"elementor elementor-432\" data-elementor-post-type=\"page\">\n\t\t\t\t<div class=\"elementor-element elementor-element-2c978585 cnt-mot e-flex e-con-boxed e-con e-parent\" data-id=\"2c978585\" data-element_type=\"container\" data-settings=\"{&quot;background_background&quot;:&quot;classic&quot;}\">\n\t\t\t\t\t<div class=\"e-con-inner\">\n\t\t<div class=\"elementor-element elementor-element-2709cc1b e-con-full e-flex e-con e-child\" data-id=\"2709cc1b\" data-element_type=\"container\" data-settings=\"{&quot;background_background&quot;:&quot;classic&quot;}\">\n\t\t\t\t<div class=\"elementor-element elementor-element-6e8b3e37 elementor-widget elementor-widget-spacer\" data-id=\"6e8b3e37\" data-element_type=\"widget\" data-widget_type=\"spacer.default\">\n\t\t\t\t<div class=\"elementor-widget-container\">\n\t\t\t\t\t<div class=\"elementor-spacer\">\n\t\t\t<div class=\"elementor-spacer-inner\"><\/div>\n\t\t<\/div>\n\t\t\t\t<\/div>\n\t\t\t\t<\/div>\n\t\t\t\t<div class=\"elementor-element elementor-element-3f0d5e44 elementor-widget elementor-widget-heading\" data-id=\"3f0d5e44\" data-element_type=\"widget\" data-widget_type=\"heading.default\">\n\t\t\t\t<div class=\"elementor-widget-container\">\n\t\t\t<h2 class=\"elementor-heading-title elementor-size-default\">A word from the President<\/h2>\t\t<\/div>\n\t\t\t\t<\/div>\n\t\t\t\t<div class=\"elementor-element elementor-element-54047361 elementor-widget__width-initial elementor-widget elementor-widget-heading\" data-id=\"54047361\" data-element_type=\"widget\" data-widget_type=\"heading.default\">\n\t\t\t\t<div class=\"elementor-widget-container\">\n\t\t\t<h2 class=\"elementor-heading-title elementor-size-default\">The manifest<\/h2>\t\t<\/div>\n\t\t\t\t<\/div>\n\t\t\t\t<\/div>\n\t\t<div class=\"elementor-element elementor-element-4e5a13cd e-con-full e-flex e-con e-child\" data-id=\"4e5a13cd\" data-element_type=\"container\">\n\t\t<div class=\"elementor-element elementor-element-324c9af e-con-full cntNavRespC e-flex e-con e-child\" data-id=\"324c9af\" data-element_type=\"container\" data-settings=\"{&quot;background_background&quot;:&quot;classic&quot;}\">\n\t\t<div class=\"elementor-element elementor-element-bc4268c e-con-full e-flex e-con e-child\" data-id=\"bc4268c\" data-element_type=\"container\">\n\t\t\t\t<div class=\"elementor-element elementor-element-abfbf04 elementor-nav-menu--dropdown-none menu-ele elementor-nav-menu__align-start elementor-widget__width-initial elementor-widget elementor-widget-nav-menu\" data-id=\"abfbf04\" data-element_type=\"widget\" data-settings=\"{&quot;layout&quot;:&quot;vertical&quot;,&quot;submenu_icon&quot;:{&quot;value&quot;:&quot;&lt;i class=\\&quot;fas fa-caret-down\\&quot;&gt;&lt;\\\/i&gt;&quot;,&quot;library&quot;:&quot;fa-solid&quot;}}\" data-widget_type=\"nav-menu.default\">\n\t\t\t\t<div class=\"elementor-widget-container\">\n\t\t\t\t\t\t<nav class=\"elementor-nav-menu--main elementor-nav-menu__container elementor-nav-menu--layout-vertical e--pointer-underline e--animation-fade\">\n\t\t\t\t<ul id=\"menu-1-abfbf04\" class=\"elementor-nav-menu sm-vertical\"><li class=\"menu-item menu-item-type-post_type menu-item-object-page menu-item-446\"><a href=\"https:\/\/financiere-teychene.com\/en\/identite\/\" class=\"elementor-item\">Identity<\/a><\/li>\n<li class=\"menu-item menu-item-type-post_type menu-item-object-page menu-item-445\"><a href=\"https:\/\/financiere-teychene.com\/en\/histoire-du-groupe\/\" class=\"elementor-item\">Group history<\/a><\/li>\n<li class=\"menu-item menu-item-type-post_type menu-item-object-page menu-item-444\"><a href=\"https:\/\/financiere-teychene.com\/en\/mot-du-president\/\" class=\"elementor-item\">A word from the President<\/a><\/li>\n<li class=\"menu-item menu-item-type-post_type menu-item-object-page menu-item-443\"><a href=\"https:\/\/financiere-teychene.com\/en\/comite-de-direction\/\" class=\"elementor-item\">Executive Committee<\/a><\/li>\n<li class=\"menu-item menu-item-type-post_type menu-item-object-page menu-item-442\"><a href=\"https:\/\/financiere-teychene.com\/en\/actualites\/\" class=\"elementor-item\">News<\/a><\/li>\n<li class=\"menu-item menu-item-type-post_type menu-item-object-page menu-item-441\"><a href=\"https:\/\/financiere-teychene.com\/en\/carrieres\/\" class=\"elementor-item\">Careers<\/a><\/li>\n<\/ul>\t\t\t<\/nav>\n\t\t\t\t\t\t<nav class=\"elementor-nav-menu--dropdown elementor-nav-menu__container\" aria-hidden=\"true\">\n\t\t\t\t<ul id=\"menu-2-abfbf04\" class=\"elementor-nav-menu sm-vertical\"><li class=\"menu-item menu-item-type-post_type menu-item-object-page menu-item-446\"><a href=\"https:\/\/financiere-teychene.com\/en\/identite\/\" class=\"elementor-item\" tabindex=\"-1\">Identity<\/a><\/li>\n<li class=\"menu-item menu-item-type-post_type menu-item-object-page menu-item-445\"><a href=\"https:\/\/financiere-teychene.com\/en\/histoire-du-groupe\/\" class=\"elementor-item\" tabindex=\"-1\">Group history<\/a><\/li>\n<li class=\"menu-item menu-item-type-post_type menu-item-object-page menu-item-444\"><a href=\"https:\/\/financiere-teychene.com\/en\/mot-du-president\/\" class=\"elementor-item\" tabindex=\"-1\">A word from the President<\/a><\/li>\n<li class=\"menu-item menu-item-type-post_type menu-item-object-page menu-item-443\"><a href=\"https:\/\/financiere-teychene.com\/en\/comite-de-direction\/\" class=\"elementor-item\" tabindex=\"-1\">Executive Committee<\/a><\/li>\n<li class=\"menu-item menu-item-type-post_type menu-item-object-page menu-item-442\"><a href=\"https:\/\/financiere-teychene.com\/en\/actualites\/\" class=\"elementor-item\" tabindex=\"-1\">News<\/a><\/li>\n<li class=\"menu-item menu-item-type-post_type menu-item-object-page menu-item-441\"><a href=\"https:\/\/financiere-teychene.com\/en\/carrieres\/\" class=\"elementor-item\" tabindex=\"-1\">Careers<\/a><\/li>\n<\/ul>\t\t\t<\/nav>\n\t\t\t\t<\/div>\n\t\t\t\t<\/div>\n\t\t\t\t<div class=\"elementor-element elementor-element-9629510 elementor-widget__width-initial navRespC elementor-hidden-desktop elementor-hidden-tablet elementor-view-default elementor-widget elementor-widget-icon\" data-id=\"9629510\" data-element_type=\"widget\" data-widget_type=\"icon.default\">\n\t\t\t\t<div class=\"elementor-widget-container\">\n\t\t\t\t\t<div class=\"elementor-icon-wrapper\">\n\t\t\t<div class=\"elementor-icon\">\n\t\t\t<i aria-hidden=\"true\" class=\"fas fa-chevron-down\"><\/i>\t\t\t<\/div>\n\t\t<\/div>\n\t\t\t\t<\/div>\n\t\t\t\t<\/div>\n\t\t\t\t<\/div>\n\t\t\t\t<\/div>\n\t\t\t\t<\/div>\n\t\t\t\t\t<\/div>\n\t\t\t\t<\/div>\n\t\t<div class=\"elementor-element elementor-element-a6fcebe e-flex e-con-boxed e-con e-parent\" data-id=\"a6fcebe\" data-element_type=\"container\">\n\t\t\t\t\t<div class=\"e-con-inner\">\n\t\t<div class=\"elementor-element elementor-element-76049bf e-con-full cnt-intern e-flex e-con e-child\" data-id=\"76049bf\" data-element_type=\"container\" data-settings=\"{&quot;background_background&quot;:&quot;classic&quot;}\">\n\t\t\t\t<div class=\"elementor-element elementor-element-b6dcbf7 elementor-widget elementor-widget-text-editor\" data-id=\"b6dcbf7\" data-element_type=\"widget\" data-widget_type=\"text-editor.default\">\n\t\t\t\t<div class=\"elementor-widget-container\">\n\t\t\t\t\t\t\t<p>En 2022, nous avons c\u00e9l\u00e9br\u00e9 avec fiert\u00e9 les <b>37 ann\u00e9es d&rsquo;existence<\/b> de la Financi\u00e8re Teychen\u00e9. Durant toutes ces ann\u00e9es, nous avons construit, main dans la main avec notre pr\u00e9cieuse \u00e9quipe, <b>une entreprise solide, empreinte de volont\u00e9, d&rsquo;\u00e9nergie et de pers\u00e9v\u00e9rance.<\/b><\/p>\t\t\t\t\t\t<\/div>\n\t\t\t\t<\/div>\n\t\t\t\t<div class=\"elementor-element elementor-element-de60554 elementor-widget elementor-widget-text-editor\" data-id=\"de60554\" data-element_type=\"widget\" data-widget_type=\"text-editor.default\">\n\t\t\t\t<div class=\"elementor-widget-container\">\n\t\t\t\t\t\t\t<p>Financi\u00e8re Teychen\u00e9 is much more than just a company; it is the result of an entrepreneur's journey and a human-scale entity where each collaborator is fueled by a deep passion for their craft and a sincere desire to succeed in every new project. We prioritize listening and respecting our clients, fully committing to their satisfaction with our responsiveness and ability to anticipate their needs as key aspects of our work.<\/p>\t\t\t\t\t\t<\/div>\n\t\t\t\t<\/div>\n\t\t\t\t<div class=\"elementor-element elementor-element-a4d3133 elementor-widget elementor-widget-text-editor\" data-id=\"a4d3133\" data-element_type=\"widget\" data-widget_type=\"text-editor.default\">\n\t\t\t\t<div class=\"elementor-widget-container\">\n\t\t\t\t\t\t\t<p>Our group has always been guided by aspirations that shape our journey:<\/p>\t\t\t\t\t\t<\/div>\n\t\t\t\t<\/div>\n\t\t\t\t<div class=\"elementor-element elementor-element-e5bc2e7 elementor-widget elementor-widget-text-editor\" data-id=\"e5bc2e7\" data-element_type=\"widget\" data-widget_type=\"text-editor.default\">\n\t\t\t\t<div class=\"elementor-widget-container\">\n\t\t\t\t\t\t\t<ul><li>Establishing a solid heritage, symbolizing our commitment to building for the future.<br \/><br \/><\/li><li>Carefully preserving this heritage, as it represents our legacy and responsibility to future generations.<br \/><br \/><\/li><li>Sharing these values and expertise generously and kindly to perpetuate this legacy over time.<br \/><br \/><\/li><li>Working in an atmosphere of mutual trust, nurturing authentic and lasting relationships with our partners.<br \/><br \/><\/li><li>Growing in a balanced manner, internally and externally, remaining true to our core expertise, and surrounding ourselves with specialists and experts who share our vision.<\/li><\/ul>\t\t\t\t\t\t<\/div>\n\t\t\t\t<\/div>\n\t\t\t\t<div class=\"elementor-element elementor-element-f802169 elementor-widget elementor-widget-text-editor\" data-id=\"f802169\" data-element_type=\"widget\" data-widget_type=\"text-editor.default\">\n\t\t\t\t<div class=\"elementor-widget-container\">\n\t\t\t\t\t\t\t<p>In 2023, we continue to evolve, adapt, and rise to the challenges ahead.<\/p><p>At this new stage of our journey, we have embarked on a determined transformation for the environment, working daily to strengthen our human connections and co-writing each page of our history in close collaboration with our teams and partners.<\/p><p>Our passionate drive and determination towards a prosperous future are fueled by the renewed trust of our clients. Together, we are building a world where human values and a sense of sharing prevail.<\/p>\t\t\t\t\t\t<\/div>\n\t\t\t\t<\/div>\n\t\t\t\t<div class=\"elementor-element elementor-element-a8b98f5 elementor-widget elementor-widget-text-editor\" data-id=\"a8b98f5\" data-element_type=\"widget\" data-widget_type=\"text-editor.default\">\n\t\t\t\t<div class=\"elementor-widget-container\">\n\t\t\t\t\t\t\t<p style=\"text-align: center;\">With pride, G\u00e9rard Teychen\u00e9 collaborated with his daughters, Marie and Emilie Teychen\u00e9, for a few years. They made invaluable contributions to the company's development before forging their own paths.<\/p>\t\t\t\t\t\t<\/div>\n\t\t\t\t<\/div>\n\t\t\t\t<div class=\"elementor-element elementor-element-9a0eb5d elementor-widget elementor-widget-heading\" data-id=\"9a0eb5d\" data-element_type=\"widget\" data-widget_type=\"heading.default\">\n\t\t\t\t<div class=\"elementor-widget-container\">\n\t\t\t<h3 class=\"elementor-heading-title elementor-size-default\">G\u00e9rard Teychen\u00e9<\/h3>\t\t<\/div>\n\t\t\t\t<\/div>\n\t\t\t\t<div class=\"elementor-element elementor-element-c883ec7 elementor-widget elementor-widget-heading\" data-id=\"c883ec7\" data-element_type=\"widget\" data-widget_type=\"heading.default\">\n\t\t\t\t<div class=\"elementor-widget-container\">\n\t\t\t<h3 class=\"elementor-heading-title elementor-size-default\">President, Groupe Financi\u00e8re Teychen\u00e9<\/h3>\t\t<\/div>\n\t\t\t\t<\/div>\n\t\t\t\t<\/div>\n\t\t<div class=\"elementor-element elementor-element-aa4652f e-con-full cnt-intern e-flex e-con e-child\" data-id=\"aa4652f\" data-element_type=\"container\">\n\t\t\t\t<\/div>\n\t\t\t\t\t<\/div>\n\t\t\t\t<\/div>\n\t\t\t\t<\/div>","protected":false},"excerpt":{"rendered":"<p>Le manifeste En 2022, nous avons c\u00e9l\u00e9br\u00e9 avec fiert\u00e9 les 37 ann\u00e9es d&rsquo;existence de la Financi\u00e8re Teychen\u00e9. Durant toutes ces ann\u00e9es, nous avons construit, main dans la main avec notre pr\u00e9cieuse \u00e9quipe, une entreprise solide, empreinte de volont\u00e9, d&rsquo;\u00e9nergie et de pers\u00e9v\u00e9rance. La Financi\u00e8re Teychen\u00e9 est bien plus qu&rsquo;une entreprise : elle est le fruit [&hellip;]<\/p>","protected":false},"author":1,"featured_media":0,"parent":0,"menu_order":0,"comment_status":"closed","ping_status":"closed","template":"elementor_header_footer","meta":{"_acf_changed":false,"footnotes":""},"class_list":["post-432","page","type-page","status-publish","hentry"],"acf":[],"yoast_head":"<!-- This site is optimized with the Yoast SEO plugin v23.0 - https:\/\/yoast.com\/wordpress\/plugins\/seo\/ -->\n<title>Notre manifeste<\/title>\n<meta name=\"description\" content=\"En 2022, nous avons c\u00e9l\u00e9br\u00e9 avec fiert\u00e9 les 35 ann\u00e9es d\u2019existence de la Financi\u00e8re Teychen\u00e9 : une entreprise solide, \u00e9nergique et volontaire.\" \/>\n<meta name=\"robots\" content=\"index, follow, max-snippet:-1, max-image-preview:large, max-video-preview:-1\" \/>\n<link rel=\"canonical\" href=\"https:\/\/financiere-teychene.com\/en\/mot-du-president\/\" \/>\n<meta property=\"og:locale\" content=\"en_GB\" \/>\n<meta property=\"og:type\" content=\"article\" \/>\n<meta property=\"og:title\" content=\"Notre manifeste\" \/>\n<meta property=\"og:description\" content=\"En 2022, nous avons c\u00e9l\u00e9br\u00e9 avec fiert\u00e9 les 35 ann\u00e9es d\u2019existence de la Financi\u00e8re Teychen\u00e9 : une entreprise solide, \u00e9nergique et volontaire.\" \/>\n<meta property=\"og:url\" content=\"https:\/\/financiere-teychene.com\/en\/mot-du-president\/\" \/>\n<meta property=\"og:site_name\" content=\"Groupe Financi\u00e8re Teychen\u00e9\" \/>\n<meta property=\"article:modified_time\" content=\"2024-07-04T12:43:10+00:00\" \/>\n<meta property=\"og:image\" content=\"https:\/\/financiere-teychene.com\/wp-content\/uploads\/2023\/08\/56-58ALSACE-0032x.jpg\" \/>\n\t<meta property=\"og:image:width\" content=\"1920\" \/>\n\t<meta property=\"og:image:height\" content=\"956\" \/>\n\t<meta property=\"og:image:type\" content=\"image\/jpeg\" \/>\n<meta name=\"twitter:card\" content=\"summary_large_image\" \/>\n<meta name=\"twitter:label1\" content=\"Estimated reading time\" \/>\n\t<meta name=\"twitter:data1\" content=\"3 minutes\" \/>\n<script type=\"application\/ld+json\" class=\"yoast-schema-graph\">{\"@context\":\"https:\/\/schema.org\",\"@graph\":[{\"@type\":\"WebPage\",\"@id\":\"https:\/\/financiere-teychene.com\/mot-du-president\/\",\"url\":\"https:\/\/financiere-teychene.com\/mot-du-president\/\",\"name\":\"Notre manifeste\",\"isPartOf\":{\"@id\":\"https:\/\/financiere-teychene.com\/#website\"},\"datePublished\":\"2023-08-04T12:22:57+00:00\",\"dateModified\":\"2024-07-04T12:43:10+00:00\",\"description\":\"En 2022, nous avons c\u00e9l\u00e9br\u00e9 avec fiert\u00e9 les 35 ann\u00e9es d\u2019existence de la Financi\u00e8re Teychen\u00e9 : une entreprise solide, \u00e9nergique et volontaire.\",\"breadcrumb\":{\"@id\":\"https:\/\/financiere-teychene.com\/mot-du-president\/#breadcrumb\"},\"inLanguage\":\"en-GB\",\"potentialAction\":[{\"@type\":\"ReadAction\",\"target\":[\"https:\/\/financiere-teychene.com\/mot-du-president\/\"]}]},{\"@type\":\"BreadcrumbList\",\"@id\":\"https:\/\/financiere-teychene.com\/mot-du-president\/#breadcrumb\",\"itemListElement\":[{\"@type\":\"ListItem\",\"position\":1,\"name\":\"Accueil\",\"item\":\"https:\/\/financiere-teychene.com\/\"},{\"@type\":\"ListItem\",\"position\":2,\"name\":\"Mot du pr\u00e9sident\"}]},{\"@type\":\"WebSite\",\"@id\":\"https:\/\/financiere-teychene.com\/#website\",\"url\":\"https:\/\/financiere-teychene.com\/\",\"name\":\"Groupe Financi\u00e8re Teychen\u00e9\",\"description\":\"N\u00b01 des fonci\u00e8res priv\u00e9es non c\u00f4t\u00e9es en Bourse\",\"publisher\":{\"@id\":\"https:\/\/financiere-teychene.com\/#organization\"},\"alternateName\":\"Groupe Financi\u00e8re Teychen\u00e9\",\"potentialAction\":[{\"@type\":\"SearchAction\",\"target\":{\"@type\":\"EntryPoint\",\"urlTemplate\":\"https:\/\/financiere-teychene.com\/?s={search_term_string}\"},\"query-input\":\"required name=search_term_string\"}],\"inLanguage\":\"en-GB\"},{\"@type\":\"Organization\",\"@id\":\"https:\/\/financiere-teychene.com\/#organization\",\"name\":\"Groupe Financi\u00e8re Teychen\u00e9\",\"alternateName\":\"Financi\u00e8re Teychen\u00e9\",\"url\":\"https:\/\/financiere-teychene.com\/\",\"logo\":{\"@type\":\"ImageObject\",\"inLanguage\":\"en-GB\",\"@id\":\"https:\/\/financiere-teychene.com\/#\/schema\/logo\/image\/\",\"url\":\"https:\/\/financiere-teychene.com\/wp-content\/uploads\/2023\/09\/LogoTEYCHENE-Quadri-Horizontal.png\",\"contentUrl\":\"https:\/\/financiere-teychene.com\/wp-content\/uploads\/2023\/09\/LogoTEYCHENE-Quadri-Horizontal.png\",\"width\":2481,\"height\":677,\"caption\":\"Groupe Financi\u00e8re Teychen\u00e9\"},\"image\":{\"@id\":\"https:\/\/financiere-teychene.com\/#\/schema\/logo\/image\/\"},\"sameAs\":[\"https:\/\/www.linkedin.com\/company\/groupe-financire-teychen\"]}]}<\/script>\n<!-- \/ Yoast SEO plugin. -->","yoast_head_json":{"title":"Notre manifeste","description":"En 2022, nous avons c\u00e9l\u00e9br\u00e9 avec fiert\u00e9 les 35 ann\u00e9es d\u2019existence de la Financi\u00e8re Teychen\u00e9 : une entreprise solide, \u00e9nergique et volontaire.","robots":{"index":"index","follow":"follow","max-snippet":"max-snippet:-1","max-image-preview":"max-image-preview:large","max-video-preview":"max-video-preview:-1"},"canonical":"https:\/\/financiere-teychene.com\/en\/mot-du-president\/","og_locale":"en_GB","og_type":"article","og_title":"Notre manifeste","og_description":"En 2022, nous avons c\u00e9l\u00e9br\u00e9 avec fiert\u00e9 les 35 ann\u00e9es d\u2019existence de la Financi\u00e8re Teychen\u00e9 : une entreprise solide, \u00e9nergique et volontaire.","og_url":"https:\/\/financiere-teychene.com\/en\/mot-du-president\/","og_site_name":"Groupe Financi\u00e8re Teychen\u00e9","article_modified_time":"2024-07-04T12:43:10+00:00","og_image":[{"width":1920,"height":956,"url":"https:\/\/financiere-teychene.com\/wp-content\/uploads\/2023\/08\/56-58ALSACE-0032x.jpg","type":"image\/jpeg"}],"twitter_card":"summary_large_image","twitter_misc":{"Estimated reading time":"3 minutes"},"schema":{"@context":"https:\/\/schema.org","@graph":[{"@type":"WebPage","@id":"https:\/\/financiere-teychene.com\/mot-du-president\/","url":"https:\/\/financiere-teychene.com\/mot-du-president\/","name":"Notre manifeste","isPartOf":{"@id":"https:\/\/financiere-teychene.com\/#website"},"datePublished":"2023-08-04T12:22:57+00:00","dateModified":"2024-07-04T12:43:10+00:00","description":"En 2022, nous avons c\u00e9l\u00e9br\u00e9 avec fiert\u00e9 les 35 ann\u00e9es d\u2019existence de la Financi\u00e8re Teychen\u00e9 : une entreprise solide, \u00e9nergique et volontaire.","breadcrumb":{"@id":"https:\/\/financiere-teychene.com\/mot-du-president\/#breadcrumb"},"inLanguage":"en-GB","potentialAction":[{"@type":"ReadAction","target":["https:\/\/financiere-teychene.com\/mot-du-president\/"]}]},{"@type":"BreadcrumbList","@id":"https:\/\/financiere-teychene.com\/mot-du-president\/#breadcrumb","itemListElement":[{"@type":"ListItem","position":1,"name":"Accueil","item":"https:\/\/financiere-teychene.com\/"},{"@type":"ListItem","position":2,"name":"Mot du pr\u00e9sident"}]},{"@type":"WebSite","@id":"https:\/\/financiere-teychene.com\/#website","url":"https:\/\/financiere-teychene.com\/","name":"Groupe Financi\u00e8re Teychen\u00e9","description":"N\u00b01 des fonci\u00e8res priv\u00e9es non c\u00f4t\u00e9es en Bourse","publisher":{"@id":"https:\/\/financiere-teychene.com\/#organization"},"alternateName":"Groupe Financi\u00e8re Teychen\u00e9","potentialAction":[{"@type":"SearchAction","target":{"@type":"EntryPoint","urlTemplate":"https:\/\/financiere-teychene.com\/?s={search_term_string}"},"query-input":"required name=search_term_string"}],"inLanguage":"en-GB"},{"@type":"Organization","@id":"https:\/\/financiere-teychene.com\/#organization","name":"Groupe Financi\u00e8re Teychen\u00e9","alternateName":"Financi\u00e8re Teychen\u00e9","url":"https:\/\/financiere-teychene.com\/","logo":{"@type":"ImageObject","inLanguage":"en-GB","@id":"https:\/\/financiere-teychene.com\/#\/schema\/logo\/image\/","url":"https:\/\/financiere-teychene.com\/wp-content\/uploads\/2023\/09\/LogoTEYCHENE-Quadri-Horizontal.png","contentUrl":"https:\/\/financiere-teychene.com\/wp-content\/uploads\/2023\/09\/LogoTEYCHENE-Quadri-Horizontal.png","width":2481,"height":677,"caption":"Groupe Financi\u00e8re Teychen\u00e9"},"image":{"@id":"https:\/\/financiere-teychene.com\/#\/schema\/logo\/image\/"},"sameAs":["https:\/\/www.linkedin.com\/company\/groupe-financire-teychen"]}]}},"_links":{"self":[{"href":"https:\/\/financiere-teychene.com\/en\/wp-json\/wp\/v2\/pages\/432","targetHints":{"allow":["GET"]}}],"collection":[{"href":"https:\/\/financiere-teychene.com\/en\/wp-json\/wp\/v2\/pages"}],"about":[{"href":"https:\/\/financiere-teychene.com\/en\/wp-json\/wp\/v2\/types\/page"}],"author":[{"embeddable":true,"href":"https:\/\/financiere-teychene.com\/en\/wp-json\/wp\/v2\/users\/1"}],"replies":[{"embeddable":true,"href":"https:\/\/financiere-teychene.com\/en\/wp-json\/wp\/v2\/comments?post=432"}],"version-history":[{"count":0,"href":"https:\/\/financiere-teychene.com\/en\/wp-json\/wp\/v2\/pages\/432\/revisions"}],"wp:attachment":[{"href":"https:\/\/financiere-teychene.com\/en\/wp-json\/wp\/v2\/media?parent=432"}],"curies":[{"name":"wp","href":"https:\/\/api.w.org\/{rel}","templated":true}]}}